{"id":694,"date":"2019-02-28T10:27:27","date_gmt":"2019-02-28T10:27:27","guid":{"rendered":"http:\/\/mdm.onwardagency.com\/?page_id=694"},"modified":"2019-03-01T23:04:09","modified_gmt":"2019-03-01T23:04:09","slug":"unsung-heroes-unerhoerte-heldinnen-frauen-die-die-welt-bewegen","status":"publish","type":"page","link":"https:\/\/unsungheroes.cotillard.net\/de\/unsung-heroes-unerhoerte-heldinnen-frauen-die-die-welt-bewegen\/","title":{"rendered":"Unsung Heroes, Unerh\u00f6rte Heldinnen: Frauen, die die Welt bewegen"},"content":{"rendered":"<p>[et_pb_section bb_built=&#8220;1&#8243;][et_pb_row][et_pb_column type=&#8220;4_4&#8243;][et_pb_text _builder_version=&#8220;3.19.17&#8243;]<\/p>\n<p>Sie hei\u00dfen Rajwa, Sofia, Th\u00e9r\u00e8se, Bettina und Nuruj. Sie sind ganz normale Heldinnen. Ganz normale Heldinnen, die \u00c4rzte der Welt und dem Portr\u00e4tk\u00fcnstler Denis Rouvre begegnet sind.<\/p>\n<p>Angetrieben von dem Wunsch, die allt\u00e4gliche Gewalt gegen Frauen zu dokumentieren, l\u00e4sst das Fotoprojekt Unsung Heros \u2013Unerh\u00f6rte Heldinnen Frauen aus der ganzen Welt zu Wort kommen. Manche von ihnen sind aus Konfliktregionen geflohen oder k\u00e4mpfen gegen die herrschende Gesellschaftsordnung. W\u00e4hrend einige keine andere Wahl hatten, als weiterzumachen wie bisher, haben andere die Entscheidung getroffen, zu handeln.<\/p>\n<p>Das Projekt will das Unh\u00f6rbare h\u00f6rbar machen: die emotionale, k\u00f6rperliche und institutionelle Gewalt, die gegen Millionen von Frauen ver\u00fcbt wird. Gleichzeitig ist es ein Appell, Ver\u00e4nderungen voranzutreiben. Es wirft ein Schlaglicht auf das Engagement ganz normaler Frauen aus aller Welt, die daf\u00fcr k\u00e4mpfen, dass ihre Grundrechte geachtet werden.<\/p>\n<p>Die Serie von Portr\u00e4ts und Protokollen beleuchten Handlungen des Widerstands, sowohl des sichtbaren als auch des stillen, die unerm\u00fcdlich dieselben Ziele verfolgen: Das Blatt im Leben der Frau zu wenden, ihre verletzten Grundrechte wiederherzustellen und das Bewusstsein daf\u00fcr zu st\u00e4rken.<\/p>\n<p>Die 60 Portr\u00e4ts und Protokolle wurden in den Jahren 2018 und 2019 angefertigt und sollen in einer Ausstellung pr\u00e4sentiert werden. Diese l\u00e4sst den Betrachter durch die Kombination aus Geschichten und Fotografien tief in das Leben der Frauen eintauchen. Das Projekt wird kommenden Herbst zun\u00e4chst in Frankreich gezeigt und geht danach auf Welttournee. .<\/p>\n<\/p>\n<h4>Denis Rouvre<\/h4>\n<p>Denis Rouvre hat 1992 damit begonnen, Prominente zu fotografieren. In den vergangenen Jahren hat er sich verst\u00e4rkt unbekannten Menschen mit au\u00dfergew\u00f6hnlichen Leben und Schicksalen zugewandt. Er bezeichnet sie als \u201eHeroische Figuren\u201c. In seinen pers\u00f6nlichen Serien, die in renommierten franz\u00f6sischen und internationalen Ausstellungsh\u00e4usern gezeigt worden sind, erforscht er die Kraft, aber auch die Verletzlichkeit von Menschen. Er hat zahlreiche hochkar\u00e4tige Preise gewonnen, unter anderem drei World Press Photo Awards.<\/p>\n<p>Rouvres Werke befinden sich in \u00f6ffentlichen und privaten Sammlungen wie der Pinacoth\u00e8que de Paris und der Sammlung der Soci\u00e9t\u00e9 G\u00e9n\u00e9rale.<\/p>\n<p>[\/et_pb_text][\/et_pb_column][\/et_pb_row][\/et_pb_section]<\/p>\n","protected":false},"excerpt":{"rendered":"<p><div class=\"et_pb_row et_pb_row_0 et_pb_row_empty\">\n\t\t\t\t\n\t\t\t\t\n\t\t\t\t\n\t\t\t\t\n\t\t\t\t\n\t\t\t<\/div> Sie hei\u00dfen Rajwa, Sofia, Th\u00e9r\u00e8se, Bettina und Nuruj. Sie sind ganz normale Heldinnen. Ganz normale Heldinnen, die \u00c4rzte der Welt und dem Portr\u00e4tk\u00fcnstler Denis Rouvre begegnet sind. Angetrieben von dem Wunsch, die allt\u00e4gliche Gewalt gegen Frauen zu dokumentieren, l\u00e4sst das Fotoprojekt Unsung Heros \u2013Unerh\u00f6rte Heldinnen Frauen aus der ganzen Welt zu Wort kommen. Manche [&hellip;]<\/p>\n","protected":false},"author":3,"featured_media":0,"parent":0,"menu_order":0,"comment_status":"closed","ping_status":"closed","template":"","meta":{"_acf_changed":false,"_et_pb_use_builder":"on","_et_pb_old_content":"<p>Unsung Heroes \u2013 giving women a voice<\/p><p>Their names are Rajwa, Sofia, Th\u00e9r\u00e8se, Bettina and Nuruj. Ordinary heroes. Ordinary heroes encountered by M\u00e9decins du Monde \u2013 Doctors of the World and portrait artist Denis Rouvre.<\/p><p>Inspired by a desire to bear witness to the violence against women, the <em>Unsung Heroes<\/em>photography project gives a voice to women from all over the world. Some are fleeing conflict zones, others are campaigning against the established social order, some had no choice but to carry on, others have made the decision to take action.<\/p><p><em>Unsung Heroes<\/em>means hearing the inaudible: the emotional, physical and institutional violence perpetrated against millions of women. At the same time it is a call from the movements which are driving change. It demonstrates the commitment of ordinary women from all over the world who are fighting for women\u2019s fundamental rights to be respected.<\/p><p>This collection of photographs and testimonies shines a light on acts of resistance, actions both visible and silent, tirelessly pursuing the same goal: to raise awareness, turn the tide in women\u2019s life and re-establish fundamental rights that have been violated.<\/p><p>All 60 portraits and testimonies were produced in 2018 and 2019 and will lead to an exhibition which will immerse the viewer in the lives of the women through their stories, combining photos with written and oral contributions. The project will be on show in France in autumn 2019 before being taken on a world tour in 2020.<\/p><p>\u00a0<\/p><p>\u00a0<\/p><p>\u00a0<\/p><p>\u00a0<\/p><p>\u00a0<\/p><p>\u00a0<\/p><p>\u00a0<\/p>","_et_gb_content_width":"","inline_featured_image":false,"footnotes":""},"class_list":["post-694","page","type-page","status-publish","hentry"],"acf":[],"_links":{"self":[{"href":"https:\/\/unsungheroes.cotillard.net\/de\/wp-json\/wp\/v2\/pages\/694","targetHints":{"allow":["GET"]}}],"collection":[{"href":"https:\/\/unsungheroes.cotillard.net\/de\/wp-json\/wp\/v2\/pages"}],"about":[{"href":"https:\/\/unsungheroes.cotillard.net\/de\/wp-json\/wp\/v2\/types\/page"}],"author":[{"embeddable":true,"href":"https:\/\/unsungheroes.cotillard.net\/de\/wp-json\/wp\/v2\/users\/3"}],"replies":[{"embeddable":true,"href":"https:\/\/unsungheroes.cotillard.net\/de\/wp-json\/wp\/v2\/comments?post=694"}],"version-history":[{"count":2,"href":"https:\/\/unsungheroes.cotillard.net\/de\/wp-json\/wp\/v2\/pages\/694\/revisions"}],"predecessor-version":[{"id":757,"href":"https:\/\/unsungheroes.cotillard.net\/de\/wp-json\/wp\/v2\/pages\/694\/revisions\/757"}],"wp:attachment":[{"href":"https:\/\/unsungheroes.cotillard.net\/de\/wp-json\/wp\/v2\/media?parent=694"}],"curies":[{"name":"wp","href":"https:\/\/api.w.org\/{rel}","templated":true}]}}