{"id":753,"date":"2019-03-01T21:43:28","date_gmt":"2019-03-01T21:43:28","guid":{"rendered":"http:\/\/mdm.onwardagency.com\/?page_id=753"},"modified":"2019-03-01T23:22:44","modified_gmt":"2019-03-01T23:22:44","slug":"our-fight","status":"publish","type":"page","link":"https:\/\/unsungheroes.cotillard.net\/de\/our-fight\/","title":{"rendered":"OUR FIGHT"},"content":{"rendered":"<p>[et_pb_section bb_built=&#8220;1&#8243;][et_pb_row][et_pb_column type=&#8220;4_4&#8243;][et_pb_text _builder_version=&#8220;3.19.17&#8243;]<\/p>\n<p>Weil Frauenrechte immer noch in Gefahr sind\u2026<br \/>Weil Frauenrechte h\u00e4ufig verletzt oder verweigert werden\u2026<br \/>Weil sich Erreichtes zu leicht umkehren l\u00e4sst\u2026<br \/>Die Rechte und die Gesundheit von Frauen stehen im Mittelpunkt der Arbeit von \u00c4rzte der Welt.<\/p>\n<p>Die Freiheit von Frauen und M\u00e4dchen, selbst \u00fcber ihre Sexualit\u00e4t, Gesundheit und ihr Leben zu entscheiden, wird immer noch permanent infrage gestellt. Dabei streben Frauen und M\u00e4dchen, die ihre Rechte aus\u00fcben und \u00fcber ihr eigenens Leben bestimmen k\u00f6nnen, eher eine weiterf\u00fchrende Bildung oder berufliche Laufbahn an. Sie setzen sich auch f\u00fcr die Bildung ihrer T\u00f6chter ein und verringern so die Ungleichheit zwischen den Geschlechtern.<br \/>Der Begriff Sexuelle und Reproduktive Gesundheit und Rechte (SRHR) bezieht sich vor allem auf grundlegende Aspekte im Leben eines Menschen \u2013 seinen K\u00f6rper, seine Sexualit\u00e4t, seine Gesundheit, seine Beziehungen und die Entscheidung, ob man Kinder bekommen m\u00f6chte oder nicht.<br \/>Er ist der Schl\u00fcssel, um die Gleichstellung der Geschlechter voranzutreiben.<\/p>\n<\/p>\n<h4>Dass es bis dahin jedoch noch ein weiter Weg ist, zeigen folgende Zahlen:<\/h4>\n<ul>\n<li style=\"list-style-type: none;\">\n<ul>\n<li>214 Millionen Frauen, die eine Schwangerschaft vermeiden oder verz\u00f6gern wollen, haben immer noch keinen Zugang zu modernen Verh\u00fctungsmethoden. W\u00fcrde man diesen Zugang schaffen, so w\u00fcrde sich die M\u00fcttersterblichkeit um ein Viertel verringern.<\/li>\n<li>Jedes Jahr gibt es 99 Millionen ungewollte Schwangerschaften, von denen \u00fcber 80 Prozent direkt mit der mangelnden Verf\u00fcgbarkeit an Verh\u00fctungsmitteln zusammenh\u00e4ngen.<\/li>\n<li>Dies f\u00fchrt zu 25 Millionen unsicheren Abtreibungen pro Jahr.<\/li>\n<li>Je restriktiver die Gesetzgebung, desto h\u00f6her ist die Zahl der unsicheren Abtreibung. In der Folge sterben jedes Jahr mehr als 30.000 Frauen an den Folgen unsicherer Abtreibungen.<\/li>\n<\/ul>\n<\/li>\n<\/ul>\n<p>Dabei sind M\u00f6glichkeiten, um Todesf\u00e4lle im Zusammenhang mit unsicheren Abtreibungen zu verhindern, vorhanden und erschwinglich.<\/p>\n<\/p>\n<h4>Zwischen bedrohten Rechten und konservativen Kr\u00e4ften<\/h4>\n<p>\u201eVergesst nicht: Es gen\u00fcgt eine politische, \u00f6konomische oder religi\u00f6se Krise \u2013 und schon werden die Rechte der Frauen wieder infrage gestellt. Diese Rechte sind niemals gesichert. Ihr m\u00fcsst lebenslang auf der Hut sein.\u201c<br \/>Fast 70 Jahre sp\u00e4ter ist die Mahnung von Simone de Beauvoir immer noch aktuell.<\/p>\n<p>#TimesUpuniversell, #Sin nosotras se para el mundo in Spanien, #TotalShutDown in S\u00fcdafrika, &#8222;NiUnaMenos&#8220; in Lateinamerika, #AllOfUs in Europa, Demonstrationen f\u00fcr das Recht auf Abtreibung in Irland und Argentinien: Trotz der st\u00e4ndigen Angriffe konservativer Kr\u00e4fte gewinnen Initiativen zur Anerkennung der Frauenrechte auf allen Kontinenten weiter an Dynamik. Frauen protestieren weltweit gegen geschlechtsbezogene Gewalt und fordern mehr Gleichberechtigung.<\/p>\n<\/p>\n<h4>Was \u00c4rzte der Welt tut<\/h4>\n<p>\u00c4rzte der Welt setzt sich weltweit f\u00fcr das Recht der Frauen ein, \u00fcber ihren eigenen K\u00f6rper zu bestimmen sowie freie und informierte Entscheidungen \u00fcber ihre Sexualit\u00e4t, ihre Gesundheit und ihr Leben zu treffen. Von Kinshasa, Port au Prince, Madagaskar, der Elfenbeink\u00fcste und Uganda bis hin zu den Pal\u00e4stinensischen Gebieten,Bulgarien und Deutschland arbeitet \u00c4rzte der Welt mit Gemeinden, zivilgesellschaftlichen Organisationen und \u00f6ffentlichen Einrichtungen zusammen. Das Ziel der Arbeit ist es, die Angebote f\u00fcr Frauen zu verbessern und sie zu unterst\u00fctzen, ihre Rechte wahrzunehmen. Sie sollen in die Lage versetzt werden, selbst aktiv zu werden, sich gegen\u00fcber Entscheidungstr\u00e4gern durchzusetzen und diese zur Verantwortung zu ziehen.<\/p>\n<p>\u201eDie v\u00f6llst\u00e4ndige Gelichstellung der Frau zuzulassen, w\u00e4re das sicherste Zeichen von Zivilisation und w\u00fcrde die intellektuellen Kr\u00e4fte der Menschheit verdoppeln.\u201c Stendhal<\/p>\n<\/p>\n<h3>\u00c4rzte der Welt<\/h3>\n<h4>setzt sich f\u00fcr eine freien Zugang zu Gesundheitsversorgung ein \u2013<br \/>weltweit und in Deutschland<\/h4>\n<p>\u00c4rzte der Welt engagiert sich weltweit f\u00fcr die medizinische Versorgung von Menschen ohne ausreichenden Zugang zu medizinischer Versorgung \u2212 Frauen und Kinder stehen dabei im Mittelpunkt. Wir versorgen unsere Patient*innen unabh\u00e4ngig von ihrem ethnischen, sozialen, religi\u00f6sen und politischen Hintergrund.<br \/>Auch politisch setzten wir uns f\u00fcr das Menschenrecht auf Gesundheitsversorgung ein.<br \/>Das \u00c4rzte der Welt-Netzwerk f\u00fchrt 388 Projekte in 80 L\u00e4ndern durch.<\/p>\n<\/p>\n<h4>Wer wir sind<\/h4>\n<p>\u00c4rzte der Welt ist die deutsche Sektion der internationalen humanit\u00e4ren Organisation M\u00e9decins du Monde \/ Doctors of the World. Wir arbeiten eng mit unseren Netzwerkpartnern in Argentinien, Belgien, England, Frankreich, Griechenland, Japan, Kanada, Luxemburg, Niederlande, Portugal, Schweden, Schweiz, Spanien, T\u00fcrkei und den USA zusammen.<\/p>\n<p>[\/et_pb_text][\/et_pb_column][\/et_pb_row][\/et_pb_section]<\/p>\n","protected":false},"excerpt":{"rendered":"<p><div class=\"et_pb_row et_pb_row_0 et_pb_row_empty\">\n\t\t\t\t\n\t\t\t\t\n\t\t\t\t\n\t\t\t\t\n\t\t\t\t\n\t\t\t<\/div> Weil Frauenrechte immer noch in Gefahr sind\u2026Weil Frauenrechte h\u00e4ufig verletzt oder verweigert werden\u2026Weil sich Erreichtes zu leicht umkehren l\u00e4sst\u2026Die Rechte und die Gesundheit von Frauen stehen im Mittelpunkt der Arbeit von \u00c4rzte der Welt. Die Freiheit von Frauen und M\u00e4dchen, selbst \u00fcber ihre Sexualit\u00e4t, Gesundheit und ihr Leben zu entscheiden, wird immer noch permanent [&hellip;]<\/p>\n","protected":false},"author":3,"featured_media":0,"parent":0,"menu_order":0,"comment_status":"closed","ping_status":"closed","template":"page-template-blank.php","meta":{"_acf_changed":false,"_et_pb_use_builder":"on","_et_pb_old_content":"","_et_gb_content_width":"","inline_featured_image":false,"footnotes":""},"class_list":["post-753","page","type-page","status-publish","hentry"],"acf":[],"_links":{"self":[{"href":"https:\/\/unsungheroes.cotillard.net\/de\/wp-json\/wp\/v2\/pages\/753","targetHints":{"allow":["GET"]}}],"collection":[{"href":"https:\/\/unsungheroes.cotillard.net\/de\/wp-json\/wp\/v2\/pages"}],"about":[{"href":"https:\/\/unsungheroes.cotillard.net\/de\/wp-json\/wp\/v2\/types\/page"}],"author":[{"embeddable":true,"href":"https:\/\/unsungheroes.cotillard.net\/de\/wp-json\/wp\/v2\/users\/3"}],"replies":[{"embeddable":true,"href":"https:\/\/unsungheroes.cotillard.net\/de\/wp-json\/wp\/v2\/comments?post=753"}],"version-history":[{"count":2,"href":"https:\/\/unsungheroes.cotillard.net\/de\/wp-json\/wp\/v2\/pages\/753\/revisions"}],"predecessor-version":[{"id":770,"href":"https:\/\/unsungheroes.cotillard.net\/de\/wp-json\/wp\/v2\/pages\/753\/revisions\/770"}],"wp:attachment":[{"href":"https:\/\/unsungheroes.cotillard.net\/de\/wp-json\/wp\/v2\/media?parent=753"}],"curies":[{"name":"wp","href":"https:\/\/api.w.org\/{rel}","templated":true}]}}