{"id":497,"date":"2019-02-28T10:27:27","date_gmt":"2019-02-28T10:27:27","guid":{"rendered":"http:\/\/mdm.onwardagency.com\/?page_id=497"},"modified":"2019-03-01T18:58:29","modified_gmt":"2019-03-01T18:58:29","slug":"unsung-heroes","status":"publish","type":"page","link":"https:\/\/unsungheroes.cotillard.net\/el\/unsung-heroes\/","title":{"rendered":"Unsung Heroes"},"content":{"rendered":"<p>[et_pb_section bb_built=\u00bb1&#8243;][et_pb_row][et_pb_column type=\u00bb4_4&#8243;][et_pb_text _builder_version=\u00bb3.19.17&#8243;]<\/p>\n<p>Unsung Heroes \u2013 giving women a voice<br \/>Their names are Rajwa, Sofia, Th\u00e9r\u00e8se, Bettina and Nuruj&#8230; Ordinary heroes. Ordinary heroes encountered by M\u00e9decins du Monde \u2013 Doctors of the World and portrait artist Denis Rouvre.<\/p>\n<p>Inspired by a desire to bear witness to the violence against women, the Unsung Heroes photography project gives a voice to women from all over the world. Some are fleeing conflict zones, others are campaigning against the established social order, some had no choice but to carry on, others have made the decision to take action.<\/p>\n<p>Unsung Heroes means hearing the inaudible: the emotional, physical and institutional violence perpetrated against millions of women. At the same time it is a call from the movements which are driving change. It demonstrates the commitment of ordinary women from all over the world who are fighting for women\u2019s fundamental rights to be respected.<\/p>\n<p>This collection of photographs and testimonies shines a light on acts of resistance, actions both visible and silent, tirelessly pursuing the same goal: to raise awareness, turn the tide in women\u2019s life and re-establish fundamental rights that have been violated.<\/p>\n<p>All 60 portraits and testimonies were produced in 2018 and 2019 and will lead to an exhibition which will immerse the viewer in the lives of the women through their stories, combining photos with written and oral contributions. The project will be on show in France in autumn 2019 before being taken on a world tour in 2020.<\/p>\n<p>\u00a0<\/p>\n<h4>Denis Rouvre<\/h4>\n<p>Denis Rouvre photographing celebrities since 1992. In recent years, he has turned his attention to anonymous people with ordinary lives and extraordinary destinies, naming them \u201cHeroic Figures\u201d. In 2014, Rouvre presented his series <em>Des Fran\u00e7ais\u2026Identit\u00e9s, territoires de l\u2019intime<\/em> (Identities\u2026 intimate territories) at the Rencontres d\u2019Arles in France.<br \/>Rouvre has received prestigious awards. He was awarded three World Press Photo prizes\u2014for his Sumo series in 2013, for a photograph from the <em>Low Tide<\/em> series in 2012 and for his <em>Lamb<\/em> series in 2010\u2014, the Hasselblad Masters Portrait in 2012 and the SONY World Photography Award in 2011 for his After Meeting series.<\/p>\n<p>Rouvre has also published several books: Sortie de match, published by Editions de la Martini\u00e8re, <em>Lamb and Low Tide \u2013 Le Japon du chaos,<\/em> both published by Somogy Editions d\u2019Art.<\/p>\n<p>Rouvre\u2019s works features in both public and private collections such as Pinacoth\u00e8que de Paris, Soci\u00e9t\u00e9 G\u00e9n\u00e9rale and Centre Culturel Tjibaou.<\/p>\n<p>[\/et_pb_text][\/et_pb_column][\/et_pb_row][\/et_pb_section]<\/p>\n","protected":false},"excerpt":{"rendered":"<p><div class=\"et_pb_row et_pb_row_0 et_pb_row_empty\">\n\t\t\t\t\n\t\t\t\t\n\t\t\t\t\n\t\t\t\t\n\t\t\t\t\n\t\t\t<\/div> Unsung Heroes \u2013 giving women a voiceTheir names are Rajwa, Sofia, Th\u00e9r\u00e8se, Bettina and Nuruj&#8230; Ordinary heroes. Ordinary heroes encountered by M\u00e9decins du Monde \u2013 Doctors of the World and portrait artist Denis Rouvre.Inspired by a desire to bear witness to the violence against women, the Unsung Heroes photography project gives a voice to [&hellip;]<\/p>\n","protected":false},"author":1,"featured_media":0,"parent":0,"menu_order":0,"comment_status":"closed","ping_status":"closed","template":"","meta":{"_acf_changed":false,"_et_pb_use_builder":"on","_et_pb_old_content":"<p>Unsung Heroes \u2013 giving women a voice<\/p><p>Their names are Rajwa, Sofia, Th\u00e9r\u00e8se, Bettina and Nuruj. Ordinary heroes. Ordinary heroes encountered by M\u00e9decins du Monde \u2013 Doctors of the World and portrait artist Denis Rouvre.<\/p><p>Inspired by a desire to bear witness to the violence against women, the <em>Unsung Heroes<\/em>photography project gives a voice to women from all over the world. Some are fleeing conflict zones, others are campaigning against the established social order, some had no choice but to carry on, others have made the decision to take action.<\/p><p><em>Unsung Heroes<\/em>means hearing the inaudible: the emotional, physical and institutional violence perpetrated against millions of women. At the same time it is a call from the movements which are driving change. It demonstrates the commitment of ordinary women from all over the world who are fighting for women\u2019s fundamental rights to be respected.<\/p><p>This collection of photographs and testimonies shines a light on acts of resistance, actions both visible and silent, tirelessly pursuing the same goal: to raise awareness, turn the tide in women\u2019s life and re-establish fundamental rights that have been violated.<\/p><p>All 60 portraits and testimonies were produced in 2018 and 2019 and will lead to an exhibition which will immerse the viewer in the lives of the women through their stories, combining photos with written and oral contributions. The project will be on show in France in autumn 2019 before being taken on a world tour in 2020.<\/p><p>\u00a0<\/p><p>\u00a0<\/p><p>\u00a0<\/p><p>\u00a0<\/p><p>\u00a0<\/p><p>\u00a0<\/p><p>\u00a0<\/p>","_et_gb_content_width":"","inline_featured_image":false,"footnotes":""},"class_list":["post-497","page","type-page","status-publish","hentry"],"acf":[],"_links":{"self":[{"href":"https:\/\/unsungheroes.cotillard.net\/el\/wp-json\/wp\/v2\/pages\/497","targetHints":{"allow":["GET"]}}],"collection":[{"href":"https:\/\/unsungheroes.cotillard.net\/el\/wp-json\/wp\/v2\/pages"}],"about":[{"href":"https:\/\/unsungheroes.cotillard.net\/el\/wp-json\/wp\/v2\/types\/page"}],"author":[{"embeddable":true,"href":"https:\/\/unsungheroes.cotillard.net\/el\/wp-json\/wp\/v2\/users\/1"}],"replies":[{"embeddable":true,"href":"https:\/\/unsungheroes.cotillard.net\/el\/wp-json\/wp\/v2\/comments?post=497"}],"version-history":[{"count":5,"href":"https:\/\/unsungheroes.cotillard.net\/el\/wp-json\/wp\/v2\/pages\/497\/revisions"}],"predecessor-version":[{"id":689,"href":"https:\/\/unsungheroes.cotillard.net\/el\/wp-json\/wp\/v2\/pages\/497\/revisions\/689"}],"wp:attachment":[{"href":"https:\/\/unsungheroes.cotillard.net\/el\/wp-json\/wp\/v2\/media?parent=497"}],"curies":[{"name":"wp","href":"https:\/\/api.w.org\/{rel}","templated":true}]}}