{"id":751,"date":"2019-03-01T21:43:28","date_gmt":"2019-03-01T21:43:28","guid":{"rendered":"http:\/\/mdm.onwardagency.com\/?page_id=751"},"modified":"2019-03-02T00:40:22","modified_gmt":"2019-03-02T00:40:22","slug":"notre-combat","status":"publish","type":"page","link":"https:\/\/unsungheroes.cotillard.net\/fr\/notre-combat\/","title":{"rendered":"NOTRE COMBAT"},"content":{"rendered":"<p>[et_pb_section bb_built=\u00a0\u00bb1&Prime;][et_pb_row][et_pb_column type=\u00a0\u00bb4_4&Prime;][et_pb_text _builder_version=\u00a0\u00bb3.19.17&Prime;]<\/p>\n<p>Parce que les droits des femmes ne sont pas acquis. Parce que bafou\u00e9s, il sont souvent ni\u00e9s.<br \/>Parce que chaque progr\u00e8s est fragile.<br \/>M\u00e9decins du Monde a fait de la sant\u00e9 et des droits des femmes l\u2019une de ses priorit\u00e9s d\u2019action.<\/p>\n<p>La libert\u00e9 des femmes et des filles \u00e0 d\u00e9cider pour elles-m\u00eames de leur sexualit\u00e9, de leur sant\u00e9, de leur vie ne cesse d\u2019\u00eatre remise en question. Pourtant, les femmes et les adolescentes \u00e0 m\u00eame d\u2019exercer leurs droits et d\u2019agir sur leur vie, ont plus de chances de poursuivre leurs \u00e9tudes, de mener une carri\u00e8re professionnelle, et de participer \u00e0 la vie publique mais aussi d\u2019investir dans la sant\u00e9 et l\u2019\u00e9ducation de leurs propres filles, ce qui contribue \u00e0 diminuer les in\u00e9galit\u00e9s de genre.<br \/>Les droits et la sant\u00e9 sexuels et reproductifs (DSSR) portent sur des aspects fondamentaux de la vie de la personne : son corps, sa sexualit\u00e9, sa sant\u00e9, ses relations, le fait de se marier ou non, et le fait d\u2019avoir ou non des enfants. Droits humains essentiels, les DSSR constituent \u00e9galement une composante essentielle au progr\u00e8s vers l\u2019\u00e9galit\u00e9 de genre.<\/p>\n<\/p>\n<h4>Quelques chiffres<\/h4>\n<ul>\n<li style=\"list-style-type: none;\">\n<ul>\n<li>Aujourd\u2019hui encore 214 millions de femmes qui souhaitent diff\u00e9rer ou \u00e9viter une grossesse n\u2019ont pas acc\u00e8s \u00e0 une m\u00e9thode moderne de contraception. Si cet acc\u00e8s \u00e9tait effectif, cela permettrait de r\u00e9duire d\u2019un quart le nombre de d\u00e9c\u00e8s maternels.<\/li>\n<li>On d\u00e9nombre 99 millions de grossesses non d\u00e9sir\u00e9es chaque ann\u00e9e, plus de 80% sont directement li\u00e9es \u00e0 des besoins non satisfaits en contraception.<\/li>\n<li>La cons\u00e9quence, ce sont 25 millions d\u2019avortements non s\u00e9curis\u00e9s pratiqu\u00e9s chaque ann\u00e9e.<\/li>\n<li>Plus les lois sont restrictives plus les taux d\u2019avortement non s\u00e9curis\u00e9s sont \u00e9lev\u00e9s. Au final plus de 30 000 femmes d\u00e9c\u00e8dent chaque ann\u00e9e des suites d\u2019un avortement non s\u00e9curis\u00e9.<\/li>\n<\/ul>\n<\/li>\n<\/ul>\n<p>Pourtant tous les moyens qui permettraient d\u2019\u00e9viter les d\u00e9c\u00e8s li\u00e9s aux cons\u00e9quences des avortements \u00e0 risque sont disponibles et abordables.<\/p>\n<\/p>\n<h4>Entre fragiles progr\u00e8s et forces conservatrices<\/h4>\n<p>\u00ab\u00a0N&rsquo;oubliez jamais qu&rsquo;il suffira d&rsquo;une crise politique, \u00e9conomique ou religieuse pour que les droits des femmes soient remis en question. Ces droits ne sont jamais acquis. Vous devrez rester vigilantes votre vie durant.\u00a0\u00bb Pr\u00e8s de 70 ans plus tard, cet appel de Simone de Beauvoir nous interpelle toujours autant.<\/p>\n<p>#TimesUp universel, #TotalShutDown en Espagne, \u00ab Sans nous le monde s\u2019arr\u00eate \u00bb en Afrique du Sud, \u00ab Ni Una Menos \u00bb en Am\u00e9rique Latine, #AllOfUs en Europe, manifestations pour le droit \u00e0 l\u2019IVG en Irlande ou en Argentine\u2026 Face aux attaques permanentes des groupes conservateurs, les mobilisations pour la reconnaissance des droits des femmes se multiplient sur tous les continents. La voix des femmes s\u2019amplifie pour d\u00e9noncer les violences bas\u00e9es sur le genre et r\u00e9clamer plus d\u2019\u00e9galit\u00e9.<\/p>\n<\/p>\n<h4>L&rsquo;action de M\u00e9decins du Monde<\/h4>\n<p>M\u00e9decins du Monde agit et milite pour le droit des femmes \u00e0 disposer librement de leur corps et d\u00e9cider de fa\u00e7on libre et \u00e9clair\u00e9e de leur sexualit\u00e9, de leur sant\u00e9 et de leur vie. Que ce soit \u00e0 Kinshasa, \u00e0 Port au Prince, \u00e0 Madagascar, en C\u00f4te d\u2019Ivoire, en Ouganda, en Palestine ou en Bulgarie, MdM travaille aux c\u00f4t\u00e9s des communaut\u00e9s, des acteurs de la soci\u00e9t\u00e9 civile et des institutions publiques pour am\u00e9liorer la disponibilit\u00e9 et la qualit\u00e9 des services, accompagner les personnes dans la connaissance de leurs droits et leur capacit\u00e9 d\u2019agir mais aussi interpeller les d\u00e9cideurs et les mettre face \u00e0 leurs manquements et leurs responsabilit\u00e9s.<\/p>\n<p>\u00ab L\u2019admission des femmes \u00e0 l\u2019\u00e9galit\u00e9 parfaite serait la marque la plus s\u00fbre de la civilisation et elle doublerait les forces intellectuelles du genre humain \u00bb Stendhal.<\/p>\n<\/p>\n<h3>M\u00c9DECINS DU MONDE<\/h3>\n<h4>Association m\u00e9dicale militante de solidarit\u00e9 internationale<\/h4>\n<p>Cr\u00e9\u00e9e en 1980, M\u00e9decins du Monde France (MDM) est une association m\u00e9dicale militante de solidarit\u00e9 internationale qui s\u2019engage depuis plus de 30 ans \u00e0 soigner les populations les plus vuln\u00e9rables, \u00e0 t\u00e9moigner des entraves constat\u00e9es quant \u00e0 l\u2019acc\u00e8s aux soins, \u00e0 obtenir des am\u00e9liorations durables des politiques de sant\u00e9 pour tous et \u00e0 d\u00e9noncer les atteintes \u00e0 la dignit\u00e9 et aux droits humains.<\/p>\n<p>En France comme \u00e0 l\u2019international, nos actions ont pour but de faciliter l\u2019acc\u00e8s au syst\u00e8me de sant\u00e9 en s\u2019investissant dans des contextes d\u2019urgence comme dans des programmes de long terme.<\/p>\n<p>Dans chacune de ses interventions, MDM prend en compte trois approches : la sant\u00e9 mentale et le soutien psychosocial ; l\u2019enfance vuln\u00e9rable et l\u2019approche genre qui vise l\u2019\u00e9galit\u00e9 entre les femmes et les hommes.<\/p>\n<\/p>\n<h4>M\u00e9decins du Monde aux c\u00f4t\u00e9s des populations vuln\u00e9rables ici et l\u00e0-bas<\/h4>\n<p>M\u00e9decins du Monde France s\u2019inscrit au c\u0153ur du r\u00e9seau international de M\u00e9decins du Monde, qui compte 15 autres associations en Belgique, Allemagne, Argentine, Canada, Espagne, \u00c9tats-Unis, Gr\u00e8ce, Japon, Luxembourg, Pays-Bas, Portugal, Royaume-Uni, Su\u00e8de, Turquie et Suisse.<\/p>\n<p>Ce r\u00e9seau international, qui intervient en France et dans 80 pays, est un mouvement international ind\u00e9pendant de militants actifs qui soignent, t\u00e9moignent et accompagnent le changement social. \u00c0 partir de ses 388 programmes m\u00e9dicaux innovants et d\u2019un plaidoyer, l\u2019objectif est de mettre les personnes exclues et leurs communaut\u00e9s en capacit\u00e9 d\u2019acc\u00e9der \u00e0 la sant\u00e9 tout en se battant pour un acc\u00e8s universel aux soins.<\/p>\n<p>[\/et_pb_text][et_pb_button button_url=\u00a0\u00bb{%22dynamic%22:true,%22content%22:%22custom_meta_donate_button_link%22,%22settings%22:{%22before%22:%22%22,%22after%22:%22%22,%22enable_html%22:%22off%22}}\u00a0\u00bb url_new_window=\u00a0\u00bbon\u00a0\u00bb button_text=\u00a0\u00bb{%22dynamic%22:true,%22content%22:%22custom_meta_donate_button%22,%22settings%22:{%22before%22:%22%22,%22after%22:%22%22,%22enable_html%22:%22off%22}}\u00a0\u00bb button_alignment=\u00a0\u00bbcenter\u00a0\u00bb _builder_version=\u00a0\u00bb3.19.17&Prime; _dynamic_attributes=\u00a0\u00bbbutton_text,button_url\u00a0\u00bb custom_button=\u00a0\u00bbon\u00a0\u00bb button_text_color=\u00a0\u00bb#ffffff\u00a0\u00bb button_bg_color=\u00a0\u00bb#fe5e00&Prime; button_border_width=\u00a0\u00bb0&Prime; button_border_radius=\u00a0\u00bb24&Prime; button_letter_spacing=\u00a0\u00bb2&Prime; button_font=\u00a0\u00bb|600||on|||||\u00a0\u00bb button_use_icon=\u00a0\u00bboff\u00a0\u00bb background_layout=\u00a0\u00bbdark\u00a0\u00bb animation_style=\u00a0\u00bbslide\u00a0\u00bb hover_enabled=\u00a0\u00bb0&Prime; saved_tabs=\u00a0\u00bball\u00a0\u00bb button_text_size=\u00a0\u00bb20&Prime; button_bg_use_color_gradient=\u00a0\u00bboff\u00a0\u00bb button_bg_color_gradient_start=\u00a0\u00bb#2b87da\u00a0\u00bb button_bg_color_gradient_end=\u00a0\u00bb#29c4a9&Prime; button_bg_color_gradient_type=\u00a0\u00bblinear\u00a0\u00bb button_bg_color_gradient_direction=\u00a0\u00bb180deg\u00a0\u00bb button_bg_color_gradient_direction_radial=\u00a0\u00bbcenter\u00a0\u00bb button_bg_color_gradient_start_position=\u00a0\u00bb0%\u00a0\u00bb button_bg_color_gradient_end_position=\u00a0\u00bb100%\u00a0\u00bb button_bg_color_gradient_overlays_image=\u00a0\u00bboff\u00a0\u00bb button_bg_parallax=\u00a0\u00bboff\u00a0\u00bb button_bg_parallax_method=\u00a0\u00bbon\u00a0\u00bb button_bg_size=\u00a0\u00bbcover\u00a0\u00bb button_bg_position=\u00a0\u00bbcenter\u00a0\u00bb button_bg_repeat=\u00a0\u00bbno-repeat\u00a0\u00bb button_bg_blend=\u00a0\u00bbnormal\u00a0\u00bb button_bg_allow_player_pause=\u00a0\u00bboff\u00a0\u00bb button_bg_video_pause_outside_viewport=\u00a0\u00bbon\u00a0\u00bb button_text_shadow_style=\u00a0\u00bbnone\u00a0\u00bb box_shadow_style=\u00a0\u00bbnone\u00a0\u00bb filter_hue_rotate=\u00a0\u00bb0deg\u00a0\u00bb filter_saturate=\u00a0\u00bb100%\u00a0\u00bb filter_brightness=\u00a0\u00bb100%\u00a0\u00bb filter_contrast=\u00a0\u00bb100%\u00a0\u00bb filter_invert=\u00a0\u00bb0%\u00a0\u00bb filter_sepia=\u00a0\u00bb0%\u00a0\u00bb filter_opacity=\u00a0\u00bb100%\u00a0\u00bb filter_blur=\u00a0\u00bb0px\u00a0\u00bb mix_blend_mode=\u00a0\u00bbnormal\u00a0\u00bb animation_repeat=\u00a0\u00bbonce\u00a0\u00bb animation_direction=\u00a0\u00bbcenter\u00a0\u00bb animation_duration=\u00a0\u00bb1000ms\u00a0\u00bb animation_delay=\u00a0\u00bb0ms\u00a0\u00bb animation_intensity_slide=\u00a0\u00bb50%\u00a0\u00bb animation_starting_opacity=\u00a0\u00bb0%\u00a0\u00bb animation_speed_curve=\u00a0\u00bbease-in-out\u00a0\u00bb hover_transition_duration=\u00a0\u00bb300ms\u00a0\u00bb hover_transition_delay=\u00a0\u00bb0ms\u00a0\u00bb hover_transition_speed_curve=\u00a0\u00bbease\u00a0\u00bb global_module=\u00a0\u00bb867&Prime; \/][\/et_pb_column][\/et_pb_row][\/et_pb_section]<\/p>\n","protected":false},"excerpt":{"rendered":"<p><div class=\"et_pb_row et_pb_row_0 et_pb_row_empty\">\n\t\t\t\t\n\t\t\t\t\n\t\t\t\t\n\t\t\t\t\n\t\t\t\t\n\t\t\t<\/div> Parce que les droits des femmes ne sont pas acquis. Parce que bafou\u00e9s, il sont souvent ni\u00e9s.Parce que chaque progr\u00e8s est fragile.M\u00e9decins du Monde a fait de la sant\u00e9 et des droits des femmes l\u2019une de ses priorit\u00e9s d\u2019action. La libert\u00e9 des femmes et des filles \u00e0 d\u00e9cider pour elles-m\u00eames de leur sexualit\u00e9, de [&hellip;]<\/p>\n","protected":false},"author":3,"featured_media":0,"parent":0,"menu_order":0,"comment_status":"closed","ping_status":"closed","template":"page-template-blank.php","meta":{"_acf_changed":false,"_et_pb_use_builder":"on","_et_pb_old_content":"","_et_gb_content_width":"","inline_featured_image":false,"footnotes":""},"class_list":["post-751","page","type-page","status-publish","hentry"],"acf":[],"_links":{"self":[{"href":"https:\/\/unsungheroes.cotillard.net\/fr\/wp-json\/wp\/v2\/pages\/751","targetHints":{"allow":["GET"]}}],"collection":[{"href":"https:\/\/unsungheroes.cotillard.net\/fr\/wp-json\/wp\/v2\/pages"}],"about":[{"href":"https:\/\/unsungheroes.cotillard.net\/fr\/wp-json\/wp\/v2\/types\/page"}],"author":[{"embeddable":true,"href":"https:\/\/unsungheroes.cotillard.net\/fr\/wp-json\/wp\/v2\/users\/3"}],"replies":[{"embeddable":true,"href":"https:\/\/unsungheroes.cotillard.net\/fr\/wp-json\/wp\/v2\/comments?post=751"}],"version-history":[{"count":3,"href":"https:\/\/unsungheroes.cotillard.net\/fr\/wp-json\/wp\/v2\/pages\/751\/revisions"}],"predecessor-version":[{"id":874,"href":"https:\/\/unsungheroes.cotillard.net\/fr\/wp-json\/wp\/v2\/pages\/751\/revisions\/874"}],"wp:attachment":[{"href":"https:\/\/unsungheroes.cotillard.net\/fr\/wp-json\/wp\/v2\/media?parent=751"}],"curies":[{"name":"wp","href":"https:\/\/api.w.org\/{rel}","templated":true}]}}