{"id":732,"date":"2019-02-28T10:27:27","date_gmt":"2019-02-28T10:27:27","guid":{"rendered":"http:\/\/mdm.onwardagency.com\/?page_id=732"},"modified":"2019-03-01T23:07:12","modified_gmt":"2019-03-01T23:07:12","slug":"unsung-heroes-%e5%90%8d%e3%82%82%e3%81%aa%e3%81%8d%e8%8b%b1%e9%9b%84%e3%81%9f%e3%81%a1%e3%81%ae%e5%a3%b0","status":"publish","type":"page","link":"https:\/\/unsungheroes.cotillard.net\/ja\/unsung-heroes-%e5%90%8d%e3%82%82%e3%81%aa%e3%81%8d%e8%8b%b1%e9%9b%84%e3%81%9f%e3%81%a1%e3%81%ae%e5%a3%b0\/","title":{"rendered":"Unsung Heroes \u2013\u540d\u3082\u306a\u304d\u82f1\u96c4\u305f\u3061\u306e\u58f0"},"content":{"rendered":"<p>[et_pb_section bb_built=&#8221;1&#8243;][et_pb_row][et_pb_column type=&#8221;4_4&#8243;][et_pb_text _builder_version=&#8221;3.19.17&#8243;]<\/p>\n<p>\u5f7c\u5973\u305f\u3061\u306e\u540d\u524d\u306fRajwa\u3001 Sofia\u3001Th\u00e9r\u00e8se\u3001Bettina\u3001\u305d\u3057\u3066Nuruj\u3002\u3054\u304f\u5e73\u51e1\u306a\u666e\u901a\u306e\u5973\u6027\u305f\u3061\u3002\u3053\u308c\u306f\u4e16\u754c\u306e\u533b\u7642\u56e3\u3068\u30dd\u30fc\u30c8\u30ec\u30fc\u30c8\u30fb\u30d5\u30a9\u30c8\u30b0\u30e9\u30d5\u30a1\u30fcDenis Rouvre \u304c\u51fa\u4f1a\u3063\u305f\u3001\u3069\u3053\u306b\u3067\u3082\u3044\u308b\u30d2\u30fc\u30ed\u30fc\u305f\u3061\u306e\u30b9\u30c8\u30fc\u30ea\u30fc\u3002<\/p>\n<p>\u300cUnsung Heroes -\u540d\u3082\u306a\u304d\u82f1\u96c4\u305f\u3061\u300d\u30d7\u30ed\u30b8\u30a7\u30af\u30c8\u306f\u3001\u4e16\u754c\u4e2d\u306e\u5973\u6027\u305f\u3061\u306e\u58f0\u3092\u5c4a\u3051\u308b\u305f\u3081\u306b\u7acb\u3061\u4e0a\u304c\u308a\u307e\u3057\u305f\u3002<br \/>\u3042\u308b\u5973\u6027\u306f\u7d1b\u4e89\u304b\u3089\u9003\u3052\u3001\u3042\u308b\u8005\u306f\u4f1d\u7d71\u7684\u793e\u4f1a\u79e9\u5e8f\u306b\u7acb\u3061\u5411\u304b\u3046\u3001\u3042\u308b\u5973\u6027\u306f\u79e9\u5e8f\u3084\u56f2\u3044\u304b\u3089\u629c\u3051\u51fa\u3059\u3053\u3068\u304c\u3067\u304d\u305a\u306b\u3044\u308b\u304c\u3001\u3042\u308b\u8005\u306f\u7acb\u3061\u4e0a\u304c\u308b\u6c7a\u65ad\u3092\u3059\u308b\u3002<br \/>\u8a3c\u8a00\u3059\u308b\u3053\u3068\u3053\u305d\u304c\u3001\u5973\u6027\u3078\u306e\u66b4\u529b\u3092\u76ee\u6483\u3057\u305f\u79c1\u305f\u3061\u306e\u52d9\u3081\u3067\u3042\u308b\u304b\u3089\u3002<\/p>\n<p>\u300cUnsung Heroes\u300d\u306f\u3001\u3053\u308c\u307e\u3067\u660e\u304b\u3055\u308c\u308b\u3053\u3068\u306e\u306a\u304b\u3063\u305f\u3001\u6570\u767e\u4e07\u306e\u5973\u6027\u306b\u5bfe\u3057\u3066\u7e70\u308a\u8fd4\u3055\u308c\u3066\u304d\u305f\u611f\u60c5\u7684\u3001\u8eab\u4f53\u7684\u3001\u793e\u4f1a\u7684\u66b4\u529b\u884c\u70ba\u3092\u5f7c\u5973\u305f\u3061\u306b\u805e\u304f\u3053\u3068\u304b\u3089\u59cb\u307e\u308a\u307e\u3059\u3002\u305d\u308c\u3089\u304c\u5909\u9769\u3092\u751f\u307f\u3060\u3059\u904b\u52d5\u3078\u306e\u304d\u3063\u304b\u3051\u306b\u306a\u308b\u3068\u4fe1\u3058\u3066\u3002<br \/>\u5c0a\u91cd\u3055\u308c\u308b\u3079\u304d\u306f\u305a\u306e\u5973\u6027\u306e\u4eba\u6a29\u306e\u305f\u3081\u306b\u3001\u4e16\u754c\u4e2d\u306b\u3044\u308b\u666e\u901a\u306e\u5973\u6027\u305f\u3061\u304c\u4eca\u3001\u7acb\u3061\u4e0a\u304c\u308b\u3002<\/p>\n<p>\u79c1\u305f\u3061\u306f\u5973\u6027\u305f\u3061\u306e\u30dd\u30fc\u30c8\u30ec\u30fc\u30c8\u3068\u8a3c\u8a00\u306e\u4e2d\u306b\u3001\u5f7c\u5973\u305f\u3061\u306e\u62b5\u6297\u3068\u884c\u52d5\u3092\u898b\u3066\u3068\u308c\u308b\u3002\u305d\u308c\u306f\u76ee\u306b\u898b\u3048\u308b\u3082\u306e\u3001\u898b\u3048\u306a\u3044\u3082\u306e\u3082\u3042\u308b\u304c\u3001\u76ee\u6307\u3059\u5148\u306f\u540c\u3058\u3060\u3002\u793e\u4f1a\u306e\u610f\u8b58\u3001\u5973\u6027\u306e\u66ae\u3089\u3057\u3001\u305d\u3057\u3066\u4fb5\u5bb3\u3055\u308c\u7d9a\u3051\u3066\u304d\u305f\u57fa\u672c\u7684\u4eba\u6a29\u3092\u53d6\u308a\u623b\u3059\u3053\u3068\u3002<\/p>\n<p>2018\u5e74\u30012019\u5e74\u306b\u96c6\u3081\u3089\u308c\u305f60\u4eba\u306e\u5973\u6027\u3059\u3079\u3066\u306e\u30dd\u30fc\u30c8\u30ec\u30fc\u30c8\u3068\u8a3c\u8a00\u305f\u3061\u306f\u3001\u5199\u771f\u5c55\u306e\u5f62\u3068\u306a\u3063\u3066\u516c\u958b\u3059\u308b\u4e88\u5b9a\u3067\u3059\u30022019\u5e74\u79cb\u3001\u30d5\u30e9\u30f3\u30b9\u3067\u306e\u516c\u958b\u3092\u76ae\u5207\u308a\u306b\u30012020\u5e74\u306b\u306f\u4e16\u754c\u5404\u5730\u306b\u3066\u300cUnsung Heroes\u300d\u3092\u304a\u5c4a\u3051\u3057\u305f\u3044\u3068\u601d\u3044\u307e\u3059\u3002<\/p>\n<\/p>\n<h4>Denis Rouvre<\/h4>\n<p>Denis Rouvre\uff08\u30c7\u30cb\u30fb\u30eb\u30fc\u30d6\u30eb\uff09\u306f\u30011992\u5e74\u3088\u308a\u8457\u540d\u4eba\u306e\u30dd\u30fc\u30c8\u30ec\u30fc\u30c8\u306e\u64ae\u5f71\u3092\u958b\u59cb\u3002\u3053\u3053\u6570\u5e74\u306f\u3001\u201cHeroic Figures\uff08\u7b49\u8eab\u5927\u306e\u30dd\u30fc\u30c8\u30ec\u30fc\u30c8\uff09\u201c\u3068\u547c\u3070\u308c\u3001\u5e73\u51e1\u306a\u65e5\u5e38\u3092\u9001\u308a\u306a\u304c\u3089\u3082\u975e\u51e1\u306a\u904b\u547d\u3092\u305f\u3069\u308b\u4e00\u822c\u306e\u4eba\u3005\u3092\u88ab\u5199\u4f53\u306b\u4f5c\u54c1\u3092\u64ae\u308a\u7d9a\u3051\u3066\u3044\u307e\u3059\u3002\u4eba\u9593\u306e\u5f37\u3055\u3068\u8106\u3055\u3092\u8ffd\u53ca\u3057\u305f\u5f7c\u306e\u4f5c\u54c1\u306f\u3001\u30d5\u30e9\u30f3\u30b9\u3092\u306f\u3058\u3081\u4e16\u754c\u4e2d\u3067\u516c\u958b\u3055\u308c\u3066\u3044\u307e\u3059\u3002<br \/>\u500b\u5c55\u6b74\uff1a<br \/>Rencontres d\u2019Arles, FIAC, Art Paris, Pinacoth\u00e8que de Paris, Centre Culturel Tjibaou in Noum\u00e9a, LiFE in Saint-Nazaire<br \/>2014\u5e74\u3001\u30d5\u30e9\u30f3\u30b9 Rencontres d\u2019Arles\u306b\u3066\u5199\u771f\u5c55 \u201cDes Fran\u00e7ais. Identit\u00e9s, territoires de l\u2019intime (Identities, intimate territories)\u201d<br \/>2015\u5e74\u3001\u30c9\u30a4\u30c4Museum Kunst der Westk\u00fcste\u306b\u3066\u5199\u771f\u5c55\u201cLow Tide\u201d<br \/>\u540c\u5e74\u30dd\u30eb\u30c8\u30ac\u30eb\u30fb\u30ea\u30b9\u30dc\u30f3Barbado Gallery\u306b\u3066\u30d5\u30a9\u30c8\u30b0\u30e9\u30d5\u30a1\u30fcNadav Kander\u3001Arno Rafael Minkkinen\u3001Martin Parr\u3068\u3068\u3082\u306b \u5199\u771f\u5c55\u201cPortrait of the World\u201d<\/p>\n<p>\u6570\u3005\u306e\u540d\u8a89\u3042\u308b\u8cde\u3092\u53d7\u8cde\u3002<br \/>\u53d7\u8cde\u6b74\uff1a<br \/>3\u3064\u306e\u4e16\u754c\u5831\u9053\u5199\u771f\u30b3\u30f3\u30c6\u30b9\u30c8\u306b\u3066\u30012013\u5e74\u201dSumo\u201d\u30b7\u30ea\u30fc\u30ba\u30012012\u5e74\u201dLow Tide\u201d\u30b7\u30ea\u30fc\u30ba\u304a\u3088\u30732010\u5e74\u201cLamb\u201d\u30b7\u30ea\u30fc\u30ba\u4f5c\u54c1\u304c\u53d7\u8cde\u3002<br \/>2012\u5e74Hasselblad Masters Portrait\u30012011\u5e74SONY World Photography\u306b\u30662011\u5e74\u201dAfter Meeing\u201d\u30b7\u30ea\u30fc\u30ba\u304c\u53d7\u8cde\u3002<\/p>\n<p>\u5f7c\u306e\u5199\u771f\u306f\u3001\u201dPinacoth\u00e8que de Paris\u201c(\u30d1\u30ea\u7d75\u753b\u9928)\u3001\u201dSoci\u00e9t\u00e9 G\u00e9n\u00e9rale\u201c(\u91d1\u878d\u6a5f\u95a2\u30bd\u30b7\u30a8\u30c6\u30fb\u30b8\u30a7\u30cd\u30e9\u30eb)\u3001\u30cb\u30e5\u30fc\u30ab\u30ec\u30c9\u30cb\u30a2\u306e\u201dCentre Culturel Tjibaou\u201c(\u30c1\u30d0\u30a6\u6587\u5316\u30bb\u30f3\u30bf\u30fc)\u306a\u3069\u516c\u5171\u3001\u6c11\u9593\u554f\u308f\u305a\u69d8\u3005\u306a\u5834\u3067\u5c55\u793a\u3055\u308c\u3066\u3044\u307e\u3059\u3002<\/p>\n<p>[\/et_pb_text][\/et_pb_column][\/et_pb_row][\/et_pb_section]<\/p>\n","protected":false},"excerpt":{"rendered":"<p><div class=\"et_pb_row et_pb_row_0 et_pb_row_empty\">\n\t\t\t\t\n\t\t\t\t\n\t\t\t\t\n\t\t\t\t\n\t\t\t\t\n\t\t\t<\/div> \u5f7c\u5973\u305f\u3061\u306e\u540d\u524d\u306fRajwa\u3001 Sofia\u3001Th\u00e9r\u00e8se\u3001Bettina\u3001\u305d\u3057\u3066Nur [&hellip;]<\/p>\n","protected":false},"author":3,"featured_media":0,"parent":0,"menu_order":0,"comment_status":"closed","ping_status":"closed","template":"","meta":{"_acf_changed":false,"_et_pb_use_builder":"on","_et_pb_old_content":"<p>Unsung Heroes \u2013 giving women a voice<\/p><p>Their names are Rajwa, Sofia, Th\u00e9r\u00e8se, Bettina and Nuruj. Ordinary heroes. Ordinary heroes encountered by M\u00e9decins du Monde \u2013 Doctors of the World and portrait artist Denis Rouvre.<\/p><p>Inspired by a desire to bear witness to the violence against women, the <em>Unsung Heroes<\/em>photography project gives a voice to women from all over the world. Some are fleeing conflict zones, others are campaigning against the established social order, some had no choice but to carry on, others have made the decision to take action.<\/p><p><em>Unsung Heroes<\/em>means hearing the inaudible: the emotional, physical and institutional violence perpetrated against millions of women. At the same time it is a call from the movements which are driving change. It demonstrates the commitment of ordinary women from all over the world who are fighting for women\u2019s fundamental rights to be respected.<\/p><p>This collection of photographs and testimonies shines a light on acts of resistance, actions both visible and silent, tirelessly pursuing the same goal: to raise awareness, turn the tide in women\u2019s life and re-establish fundamental rights that have been violated.<\/p><p>All 60 portraits and testimonies were produced in 2018 and 2019 and will lead to an exhibition which will immerse the viewer in the lives of the women through their stories, combining photos with written and oral contributions. The project will be on show in France in autumn 2019 before being taken on a world tour in 2020.<\/p><p>\u00a0<\/p><p>\u00a0<\/p><p>\u00a0<\/p><p>\u00a0<\/p><p>\u00a0<\/p><p>\u00a0<\/p><p>\u00a0<\/p>","_et_gb_content_width":"","inline_featured_image":false,"footnotes":""},"class_list":["post-732","page","type-page","status-publish","hentry"],"acf":[],"_links":{"self":[{"href":"https:\/\/unsungheroes.cotillard.net\/ja\/wp-json\/wp\/v2\/pages\/732","targetHints":{"allow":["GET"]}}],"collection":[{"href":"https:\/\/unsungheroes.cotillard.net\/ja\/wp-json\/wp\/v2\/pages"}],"about":[{"href":"https:\/\/unsungheroes.cotillard.net\/ja\/wp-json\/wp\/v2\/types\/page"}],"author":[{"embeddable":true,"href":"https:\/\/unsungheroes.cotillard.net\/ja\/wp-json\/wp\/v2\/users\/3"}],"replies":[{"embeddable":true,"href":"https:\/\/unsungheroes.cotillard.net\/ja\/wp-json\/wp\/v2\/comments?post=732"}],"version-history":[{"count":2,"href":"https:\/\/unsungheroes.cotillard.net\/ja\/wp-json\/wp\/v2\/pages\/732\/revisions"}],"predecessor-version":[{"id":759,"href":"https:\/\/unsungheroes.cotillard.net\/ja\/wp-json\/wp\/v2\/pages\/732\/revisions\/759"}],"wp:attachment":[{"href":"https:\/\/unsungheroes.cotillard.net\/ja\/wp-json\/wp\/v2\/media?parent=732"}],"curies":[{"name":"wp","href":"https:\/\/api.w.org\/{rel}","templated":true}]}}