{"id":507,"date":"2019-02-28T10:27:27","date_gmt":"2019-02-28T10:27:27","guid":{"rendered":"http:\/\/mdm.onwardagency.com\/?page_id=507"},"modified":"2019-03-04T04:01:50","modified_gmt":"2019-03-04T04:01:50","slug":"unsung-heroes-geeft-vrouwen-een-stem","status":"publish","type":"page","link":"https:\/\/unsungheroes.cotillard.net\/nl\/unsung-heroes-geeft-vrouwen-een-stem\/","title":{"rendered":"Unsung Heroes \u2013 geeft vrouwen een stem"},"content":{"rendered":"<p>[et_pb_section bb_built=&#8221;1&#8243;][et_pb_row][et_pb_column type=&#8221;4_4&#8243;][et_pb_text _builder_version=&#8221;3.19.17&#8243;]<\/p>\n<p>Ze heten Rajwa, Sofia, Th\u00e9r\u00e8se, Bettina en Nuruj. Gewone helden. Gewone helden in gesprek met Dokters van de Wereld en sterfotograaf Denis Rouvre.<\/p>\n<p>Het fotografieproject Unsung Heroes getuigt over geweld tegen vrouwen en geeft een stem aan sterke vrouwen wereldwijd. Sommigen zijn op de vlucht voor conflicten, anderen rebelleren tegen de gevestigde orde, sommigen hebben geen andere keuze dan door te zetten, anderen hebben het heft in eigen handen genomen.<\/p>\n<p>Unsung Heroes maakt het onhoorbare geweld tegen miljoenen vrouwen hoorbaar. Het is het verhaal van gewone &amp; weerbare vrouwen die alles in het werk stellen zodat hun fundamentele rechten gerespecteerd worden.<\/p>\n<p>Deze verzameling foto\u2019s en getuigenissen zet zowel zichtbare als stille verzetsacties in de kijker met hetzelfde onvermoeibare doel voor ogen: het tij keren voor vrouwen en fundamentele rechten herstellen die met de voeten getreden worden.<\/p>\n<p>De 60 portretten en getuigenissen werden in 2018 en 2019 opgetekend. Het project wordt in het najaar van 2019 in Frankrijk tentoongesteld voor het in 2020 op wereldtournee vertrekt.<\/p>\n<p>\u00a0<\/p>\n<h4>Denis Rouvre<\/h4>\n<p>Denis Rouvre maakt al sinds 1992 portretten van beroemdheden maar focust zich de laatste jaren op onbekende personen, mensen met een eenvoudig leven en een bijzonder lot. Rouvre noemt hen zijn \u201cfigures h\u00e9ro\u00efques\u201d. De fotograaf wil de kracht en kwetsbaarheid van de mens doorgronden in zijn persoonlijke reeksen, die wereldwijd worden tentoongesteld: op Les Rencontres de la photographie d&#8217;Arles, de beurs voor hedendaagse kunst FIAC, de kunstbeurs Art Paris, in de Pinacoth\u00e8que de Paris, in het cultureel centrum Tjibaou in Noum\u00e9a, in het kunstencentrum LiFE in Saint-Nazaire enz. In 2014 stelde hij zijn reeks <em>Des Fran\u00e7ais. <\/em><em>Identit\u00e9s, territoires de l\u2019intime<\/em>voor op Les Rencontres de la photographie d\u2019Arles. In 2015 was de reeks <em>Low Tide<\/em>te zien in het Duitse Museum Kunst der Westk\u00fcste. Datzelfde jaar stelde de Barbado Gallery in Lissabon zijn foto&#8217;s voor op de tentoonstelling Portrait of the World, naast werk van fotografen als Nadav Kander, Arno Rafael Minkkinen en Martin Parr.<\/p>\n<p>Momenteel is zijn recentste reeks <em>Black Eyes<\/em>te zien in de H\u00e9l\u00e8ne Bailly Gallery, in het kader van de Mois de la Photo du Grand Paris.<\/p>\n<p>De portretfoto\u2019s van Rouvre zijn\u00a0 geregeld te zien in toonaangevende Franse en internationale persuitgaven. Zo wijdde <em>The New York Times Magazine<\/em>een portfolio aan zijn reeks <em>Low Tides.<\/em>Bovendien mocht hij de foto\u2019s nemen voor de Lavazza-kalender 2017.<\/p>\n<p>Rouvre sleepte prestigieuze prijzen in de wacht met zijn werk: drie World Press Photo Awards ,de Hasselblad Masters in 2012 en de SONY World Photography Award in 2011 voor zijn reeks <em>After Meeting<\/em>.<\/p>\n<p>Hij bracht verschillende boeken uit, zoals <em>Sortie de match<\/em>bij Editions de la Martini\u00e8re, <em>Lamb<\/em>en <em>Low Tide &#8211; Le Japon du chaos<\/em>bij Somogy Editions d\u2019Art, de uitgeverij die in 2014 ook zijn recentste reeks <em>Des Fran\u00e7ais. Identit\u00e9s, territoires de l&#8217;intime<\/em>uitgaf.<\/p>\n<p>Het werk van Rouvre werd al opgenomen in zowel publieke als priv\u00e9collecties, onder meer door de Pinacoth\u00e8que de Paris, in de hedendaagse kunstcollectie Soci\u00e9t\u00e9 G\u00e9n\u00e9rale en het cultureel centrum Tjibaou.<\/p>\n<p>Denis Rouvre wordt vertegenwoordigd door de H\u00e9l\u00e8ne Bailly Gallery in Parijs, de Haagse galerie Project 2.0, Galerie Axel Pairon in Antwerpen, Gallery 32 in Tel-Aviv en Barbado Gallery in Lissabon.<\/p>\n<p>[\/et_pb_text][\/et_pb_column][\/et_pb_row][\/et_pb_section]<\/p>\n","protected":false},"excerpt":{"rendered":"<p><div class=\"et_pb_row et_pb_row_0 et_pb_row_empty\">\n\t\t\t\t\n\t\t\t\t\n\t\t\t\t\n\t\t\t\t\n\t\t\t\t\n\t\t\t<\/div> Ze heten Rajwa, Sofia, Th\u00e9r\u00e8se, Bettina en Nuruj. Gewone helden. Gewone helden in gesprek met Dokters van de Wereld en sterfotograaf Denis Rouvre.Het fotografieproject Unsung Heroes getuigt over geweld tegen vrouwen en geeft een stem aan sterke vrouwen wereldwijd. Sommigen zijn op de vlucht voor conflicten, anderen rebelleren tegen de gevestigde orde, sommigen hebben [&hellip;]<\/p>\n","protected":false},"author":1,"featured_media":0,"parent":0,"menu_order":0,"comment_status":"closed","ping_status":"closed","template":"","meta":{"_acf_changed":false,"_et_pb_use_builder":"on","_et_pb_old_content":"<p>Unsung Heroes \u2013 giving women a voice<\/p><p>Their names are Rajwa, Sofia, Th\u00e9r\u00e8se, Bettina and Nuruj. Ordinary heroes. Ordinary heroes encountered by M\u00e9decins du Monde \u2013 Doctors of the World and portrait artist Denis Rouvre.<\/p><p>Inspired by a desire to bear witness to the violence against women, the <em>Unsung Heroes<\/em>photography project gives a voice to women from all over the world. Some are fleeing conflict zones, others are campaigning against the established social order, some had no choice but to carry on, others have made the decision to take action.<\/p><p><em>Unsung Heroes<\/em>means hearing the inaudible: the emotional, physical and institutional violence perpetrated against millions of women. At the same time it is a call from the movements which are driving change. It demonstrates the commitment of ordinary women from all over the world who are fighting for women\u2019s fundamental rights to be respected.<\/p><p>This collection of photographs and testimonies shines a light on acts of resistance, actions both visible and silent, tirelessly pursuing the same goal: to raise awareness, turn the tide in women\u2019s life and re-establish fundamental rights that have been violated.<\/p><p>All 60 portraits and testimonies were produced in 2018 and 2019 and will lead to an exhibition which will immerse the viewer in the lives of the women through their stories, combining photos with written and oral contributions. The project will be on show in France in autumn 2019 before being taken on a world tour in 2020.<\/p><p>\u00a0<\/p><p>\u00a0<\/p><p>\u00a0<\/p><p>\u00a0<\/p><p>\u00a0<\/p><p>\u00a0<\/p><p>\u00a0<\/p>","_et_gb_content_width":"","inline_featured_image":false,"footnotes":""},"class_list":["post-507","page","type-page","status-publish","hentry"],"acf":[],"_links":{"self":[{"href":"https:\/\/unsungheroes.cotillard.net\/nl\/wp-json\/wp\/v2\/pages\/507","targetHints":{"allow":["GET"]}}],"collection":[{"href":"https:\/\/unsungheroes.cotillard.net\/nl\/wp-json\/wp\/v2\/pages"}],"about":[{"href":"https:\/\/unsungheroes.cotillard.net\/nl\/wp-json\/wp\/v2\/types\/page"}],"author":[{"embeddable":true,"href":"https:\/\/unsungheroes.cotillard.net\/nl\/wp-json\/wp\/v2\/users\/1"}],"replies":[{"embeddable":true,"href":"https:\/\/unsungheroes.cotillard.net\/nl\/wp-json\/wp\/v2\/comments?post=507"}],"version-history":[{"count":5,"href":"https:\/\/unsungheroes.cotillard.net\/nl\/wp-json\/wp\/v2\/pages\/507\/revisions"}],"predecessor-version":[{"id":947,"href":"https:\/\/unsungheroes.cotillard.net\/nl\/wp-json\/wp\/v2\/pages\/507\/revisions\/947"}],"wp:attachment":[{"href":"https:\/\/unsungheroes.cotillard.net\/nl\/wp-json\/wp\/v2\/media?parent=507"}],"curies":[{"name":"wp","href":"https:\/\/api.w.org\/{rel}","templated":true}]}}