{"id":509,"date":"2019-02-28T10:27:27","date_gmt":"2019-02-28T10:27:27","guid":{"rendered":"http:\/\/mdm.onwardagency.com\/?page_id=509"},"modified":"2019-03-01T19:51:52","modified_gmt":"2019-03-01T19:51:52","slug":"mulheres-que-inspiram-dar-voz-as-mulheres","status":"publish","type":"page","link":"https:\/\/unsungheroes.cotillard.net\/pt-pt\/mulheres-que-inspiram-dar-voz-as-mulheres\/","title":{"rendered":"Mulheres que Inspiram \u2013 Dar voz \u00e0s mulheres"},"content":{"rendered":"<p>[et_pb_section bb_built=&#8221;1&#8243;][et_pb_row][et_pb_column type=&#8221;4_4&#8243;][et_pb_text _builder_version=&#8221;3.19.17&#8243;]<\/p>\n<p>Chamam-se Rajwa, Sofia, Th\u00e9r\u00e8se, Bettina e Nuruj. S\u00e3o mulheres comuns. Mulheres que inspiram, descobertas pela M\u00e9dicos do Mundo e pelo fot\u00f3grafo Denis Rouvre.<\/p>\n<p>Inspirado no desejo de testemunhar a viol\u00eancia contra as mulheres, o projecto fotogr\u00e1fico \u201cMulheres que Inspiram\u201d d\u00e1 voz a mulheres de todo o mundo. Algumas est\u00e3o em fuga de zonas de conflito, outras s\u00e3o activistas contra a ordem social estabelecida, algumas n\u00e3o tiveram outra op\u00e7\u00e3o do que continuar em frente e h\u00e1 ainda aquelas que tomaram a decis\u00e3o de agir.<\/p>\n<p>\u201cMulheres que Inspiram\u201d significa ouvir o inaud\u00edvel: a viol\u00eancia emocional, f\u00edsica e institucional perpetrada contra milh\u00f5es de mulheres. Ao mesmo tempo, \u00e9 um apelo dos movimentos que est\u00e3o a conduzir a mudan\u00e7a. Demonstra ainda o compromisso de mulheres comuns de todo o mundo que lutam para que os seus direitos fundamentais sejam respeitados.<\/p>\n<p>Este conjunto de fotografias e de testemunhos evidencia actos de resist\u00eancia, ac\u00e7\u00f5es vis\u00edveis e silenciosas que, de forma incans\u00e1vel, prosseguem o mesmo objectivo: sensibilizar, provocar a mudan\u00e7a na vida das mulheres e restabelecer os direitos fundamentais que t\u00eam sido desrespeitados.<\/p>\n<p>Todos os 60 retratos e testemunhos, realizados e recolhidos em 2018 e 2019, v\u00e3o fazer parte de um exposi\u00e7\u00e3o que pretende imergir o p\u00fablico nas vidas destas mulheres, atrav\u00e9s das suas hist\u00f3rias, combinando a fotografia e as contribui\u00e7\u00f5es escritas e orais. O projecto vai poder ser visto em Fran\u00e7a no Outono de 2019, antes de uma digress\u00e3o mundial em 2020.<\/p>\n<p><\/p>\n<h4>Denis Rouvre<\/h4>\n<p>[\/et_pb_text][\/et_pb_column][\/et_pb_row][\/et_pb_section]<\/p>\n","protected":false},"excerpt":{"rendered":"<p><div class=\"et_pb_row et_pb_row_0 et_pb_row_empty\">\n\t\t\t\t\n\t\t\t\t\n\t\t\t\t\n\t\t\t\t\n\t\t\t\t\n\t\t\t<\/div> Chamam-se Rajwa, Sofia, Th\u00e9r\u00e8se, Bettina e Nuruj. S\u00e3o mulheres comuns. Mulheres que inspiram, descobertas pela M\u00e9dicos do Mundo e pelo fot\u00f3grafo Denis Rouvre.Inspirado no desejo de testemunhar a viol\u00eancia contra as mulheres, o projecto fotogr\u00e1fico \u201cMulheres que Inspiram\u201d d\u00e1 voz a mulheres de todo o mundo. Algumas est\u00e3o em fuga de zonas de conflito, [&hellip;]<\/p>\n","protected":false},"author":1,"featured_media":0,"parent":0,"menu_order":0,"comment_status":"closed","ping_status":"closed","template":"","meta":{"_acf_changed":false,"_et_pb_use_builder":"on","_et_pb_old_content":"<p>Unsung Heroes \u2013 giving women a voice<\/p><p>Their names are Rajwa, Sofia, Th\u00e9r\u00e8se, Bettina and Nuruj. Ordinary heroes. Ordinary heroes encountered by M\u00e9decins du Monde \u2013 Doctors of the World and portrait artist Denis Rouvre.<\/p><p>Inspired by a desire to bear witness to the violence against women, the <em>Unsung Heroes<\/em>photography project gives a voice to women from all over the world. Some are fleeing conflict zones, others are campaigning against the established social order, some had no choice but to carry on, others have made the decision to take action.<\/p><p><em>Unsung Heroes<\/em>means hearing the inaudible: the emotional, physical and institutional violence perpetrated against millions of women. At the same time it is a call from the movements which are driving change. It demonstrates the commitment of ordinary women from all over the world who are fighting for women\u2019s fundamental rights to be respected.<\/p><p>This collection of photographs and testimonies shines a light on acts of resistance, actions both visible and silent, tirelessly pursuing the same goal: to raise awareness, turn the tide in women\u2019s life and re-establish fundamental rights that have been violated.<\/p><p>All 60 portraits and testimonies were produced in 2018 and 2019 and will lead to an exhibition which will immerse the viewer in the lives of the women through their stories, combining photos with written and oral contributions. The project will be on show in France in autumn 2019 before being taken on a world tour in 2020.<\/p><p>\u00a0<\/p><p>\u00a0<\/p><p>\u00a0<\/p><p>\u00a0<\/p><p>\u00a0<\/p><p>\u00a0<\/p><p>\u00a0<\/p>","_et_gb_content_width":"","inline_featured_image":false,"footnotes":""},"class_list":["post-509","page","type-page","status-publish","hentry"],"acf":[],"_links":{"self":[{"href":"https:\/\/unsungheroes.cotillard.net\/pt-pt\/wp-json\/wp\/v2\/pages\/509","targetHints":{"allow":["GET"]}}],"collection":[{"href":"https:\/\/unsungheroes.cotillard.net\/pt-pt\/wp-json\/wp\/v2\/pages"}],"about":[{"href":"https:\/\/unsungheroes.cotillard.net\/pt-pt\/wp-json\/wp\/v2\/types\/page"}],"author":[{"embeddable":true,"href":"https:\/\/unsungheroes.cotillard.net\/pt-pt\/wp-json\/wp\/v2\/users\/1"}],"replies":[{"embeddable":true,"href":"https:\/\/unsungheroes.cotillard.net\/pt-pt\/wp-json\/wp\/v2\/comments?post=509"}],"version-history":[{"count":4,"href":"https:\/\/unsungheroes.cotillard.net\/pt-pt\/wp-json\/wp\/v2\/pages\/509\/revisions"}],"predecessor-version":[{"id":727,"href":"https:\/\/unsungheroes.cotillard.net\/pt-pt\/wp-json\/wp\/v2\/pages\/509\/revisions\/727"}],"wp:attachment":[{"href":"https:\/\/unsungheroes.cotillard.net\/pt-pt\/wp-json\/wp\/v2\/media?parent=509"}],"curies":[{"name":"wp","href":"https:\/\/api.w.org\/{rel}","templated":true}]}}